{"id":370,"date":"2022-05-27T11:22:45","date_gmt":"2022-05-27T08:22:45","guid":{"rendered":"https:\/\/visitoulufi.test.cchosting.fi\/?page_id=370"},"modified":"2023-08-01T15:56:27","modified_gmt":"2023-08-01T12:56:27","slug":"northboundan_ring-road","status":"publish","type":"page","link":"http:\/\/visitoulufi-2025-10-14_10_27_17.test.cchosting.fi\/en\/northboundan_ring-road\/","title":{"rendered":"An unforgettable road trip on the Nordic ring road"},"content":{"rendered":"<figure class=\"wp-block-pullquote\"><blockquote><p>Within a couple of hours of Oulu, there are several great places to visit, with plenty to see and do for the traveller. Finland's southernmost fells, the UNESCO Global Geopark, the Finnish Riviera and world-class bird sanctuaries, to name but a few. Sy\u00f6te, Hailuoto, Kalajoki and other popular domestic destinations - all just a short drive from Oulu!<\/p><\/blockquote><\/figure>","protected":false},"excerpt":{"rendered":"<p>Parin tunnin s\u00e4teell\u00e4 Oulusta sijaitsee useita mahtavia kohteita, joissa on matkailijalle paljon koettavaa, n\u00e4ht\u00e4v\u00e4\u00e4 ja teht\u00e4v\u00e4\u00e4. Tarjolla on Suomen etel\u00e4isint\u00e4 tunturia, UNESCOn Global Geoparkia, Suomen Rivieraa ja maailmanluokan lintukosteikkoja, vain muutamia mainitaksemme. Sy\u00f6te, Hailuoto, Kalajoki ja muut suositut kotimaan matkakohteet \u2013 kaikki vain lyhyen ajomatkan p\u00e4\u00e4ss\u00e4 Oulusta! [&#8230;]<\/p>\n<p><a class=\"btn btn-secondary understrap-read-more-link\" href=\"http:\/\/visitoulufi-2025-10-14_10_27_17.test.cchosting.fi\/en\/northboundan_ring-road\/\">Read More&#8230;<span class=\"screen-reader-text\"> from Pohjolan rengastiell\u00e4 odottaa unohtumaton road trip<\/span><\/a><\/p>","protected":false},"author":2,"featured_media":575,"parent":0,"menu_order":0,"comment_status":"closed","ping_status":"closed","template":"","meta":{"_acf_changed":false,"content-type":"","footnotes":""},"coauthors":[154],"class_list":["post-370","page","type-page","status-publish","has-post-thumbnail","hentry"],"acf":[],"yoast_head":"<!-- This site is optimized with the Yoast SEO plugin v26.0 - https:\/\/yoast.com\/wordpress\/plugins\/seo\/ -->\n<title>Pohjolan rengastiell\u00e4 odottaa unohtumaton road trip - Visit Oulu<\/title>\n<meta name=\"robots\" content=\"index, follow, max-snippet:-1, max-image-preview:large, max-video-preview:-1\" \/>\n<link rel=\"canonical\" href=\"https:\/\/visitoulufi-2025-10-14_10_27_17.test.cchosting.fi\/en\/northboundan_ring-road\/\" \/>\n<meta property=\"og:locale\" content=\"en_US\" \/>\n<meta property=\"og:type\" content=\"article\" \/>\n<meta property=\"og:title\" content=\"Pohjolan rengastiell\u00e4 odottaa unohtumaton road trip - Visit Oulu\" \/>\n<meta property=\"og:description\" content=\"Parin tunnin s\u00e4teell\u00e4 Oulusta sijaitsee useita mahtavia kohteita, joissa on matkailijalle paljon koettavaa, n\u00e4ht\u00e4v\u00e4\u00e4 ja teht\u00e4v\u00e4\u00e4. Tarjolla on Suomen etel\u00e4isint\u00e4 tunturia, UNESCOn Global Geoparkia, Suomen Rivieraa ja maailmanluokan lintukosteikkoja, vain muutamia mainitaksemme. Sy\u00f6te, Hailuoto, Kalajoki ja muut suositut kotimaan matkakohteet \u2013 kaikki vain lyhyen ajomatkan p\u00e4\u00e4ss\u00e4 Oulusta! [...]Read More... from Pohjolan rengastiell\u00e4 odottaa unohtumaton road trip\" \/>\n<meta property=\"og:url\" content=\"https:\/\/visitoulufi-2025-10-14_10_27_17.test.cchosting.fi\/en\/northboundan_ring-road\/\" \/>\n<meta property=\"og:site_name\" content=\"Visit Oulu\" \/>\n<meta property=\"article:modified_time\" content=\"2023-08-01T12:56:27+00:00\" \/>\n<meta property=\"og:image\" content=\"https:\/\/visitoulufi-2025-10-14_10_27_17.test.cchosting.fi\/wp-content\/uploads\/2022\/05\/VisitOulu_4E5A5280.jpeg\" \/>\n\t<meta property=\"og:image:width\" content=\"2048\" \/>\n\t<meta property=\"og:image:height\" content=\"1365\" \/>\n\t<meta property=\"og:image:type\" content=\"image\/jpeg\" \/>\n<meta name=\"twitter:card\" content=\"summary_large_image\" \/>\n<meta name=\"twitter:label1\" content=\"Est. reading time\" \/>\n\t<meta name=\"twitter:data1\" content=\"1 minute\" \/>\n\t<meta name=\"twitter:label2\" content=\"Written by\" \/>\n\t<meta name=\"twitter:data2\" content=\"Erika Neitola\" \/>\n<script type=\"application\/ld+json\" class=\"yoast-schema-graph\">{\"@context\":\"https:\/\/schema.org\",\"@graph\":[{\"@type\":\"WebPage\",\"@id\":\"https:\/\/visitoulufi-2025-10-14_10_27_17.test.cchosting.fi\/pohjolan_rengastie\/\",\"url\":\"https:\/\/visitoulufi-2025-10-14_10_27_17.test.cchosting.fi\/pohjolan_rengastie\/\",\"name\":\"Pohjolan rengastiell\u00e4 odottaa unohtumaton road trip - Visit Oulu\",\"isPartOf\":{\"@id\":\"https:\/\/visitoulufi-2025-10-14_10_27_17.test.cchosting.fi\/#website\"},\"primaryImageOfPage\":{\"@id\":\"https:\/\/visitoulufi-2025-10-14_10_27_17.test.cchosting.fi\/pohjolan_rengastie\/#primaryimage\"},\"image\":{\"@id\":\"https:\/\/visitoulufi-2025-10-14_10_27_17.test.cchosting.fi\/pohjolan_rengastie\/#primaryimage\"},\"thumbnailUrl\":\"https:\/\/visitoulufi-2025-10-14_10_27_17.test.cchosting.fi\/wp-content\/uploads\/2022\/05\/VisitOulu_4E5A5280.jpeg\",\"datePublished\":\"2022-05-27T08:22:45+00:00\",\"dateModified\":\"2023-08-01T12:56:27+00:00\",\"breadcrumb\":{\"@id\":\"https:\/\/visitoulufi-2025-10-14_10_27_17.test.cchosting.fi\/pohjolan_rengastie\/#breadcrumb\"},\"inLanguage\":\"en-US\",\"potentialAction\":[{\"@type\":\"ReadAction\",\"target\":[\"https:\/\/visitoulufi-2025-10-14_10_27_17.test.cchosting.fi\/pohjolan_rengastie\/\"]}]},{\"@type\":\"ImageObject\",\"inLanguage\":\"en-US\",\"@id\":\"https:\/\/visitoulufi-2025-10-14_10_27_17.test.cchosting.fi\/pohjolan_rengastie\/#primaryimage\",\"url\":\"https:\/\/visitoulufi-2025-10-14_10_27_17.test.cchosting.fi\/wp-content\/uploads\/2022\/05\/VisitOulu_4E5A5280.jpeg\",\"contentUrl\":\"https:\/\/visitoulufi-2025-10-14_10_27_17.test.cchosting.fi\/wp-content\/uploads\/2022\/05\/VisitOulu_4E5A5280.jpeg\",\"width\":2048,\"height\":1365},{\"@type\":\"BreadcrumbList\",\"@id\":\"https:\/\/visitoulufi-2025-10-14_10_27_17.test.cchosting.fi\/pohjolan_rengastie\/#breadcrumb\",\"itemListElement\":[{\"@type\":\"ListItem\",\"position\":1,\"name\":\"Etusivu\",\"item\":\"https:\/\/visitoulufi-2025-10-14_10_27_17.test.cchosting.fi\/\"},{\"@type\":\"ListItem\",\"position\":2,\"name\":\"Pohjolan rengastiell\u00e4 odottaa unohtumaton road trip\"}]},{\"@type\":\"WebSite\",\"@id\":\"https:\/\/visitoulufi-2025-10-14_10_27_17.test.cchosting.fi\/#website\",\"url\":\"https:\/\/visitoulufi-2025-10-14_10_27_17.test.cchosting.fi\/\",\"name\":\"Visit Oulu\",\"description\":\"\",\"potentialAction\":[{\"@type\":\"SearchAction\",\"target\":{\"@type\":\"EntryPoint\",\"urlTemplate\":\"https:\/\/visitoulufi-2025-10-14_10_27_17.test.cchosting.fi\/?s={search_term_string}\"},\"query-input\":{\"@type\":\"PropertyValueSpecification\",\"valueRequired\":true,\"valueName\":\"search_term_string\"}}],\"inLanguage\":\"en-US\"}]}<\/script>\n<!-- \/ Yoast SEO plugin. -->","yoast_head_json":{"title":"An unforgettable road trip awaits on the Nordic ring road - Visit Oulu","robots":{"index":"index","follow":"follow","max-snippet":"max-snippet:-1","max-image-preview":"max-image-preview:large","max-video-preview":"max-video-preview:-1"},"canonical":"https:\/\/visitoulufi-2025-10-14_10_27_17.test.cchosting.fi\/en\/northboundan_ring-road\/","og_locale":"en_US","og_type":"article","og_title":"Pohjolan rengastiell\u00e4 odottaa unohtumaton road trip - Visit Oulu","og_description":"Parin tunnin s\u00e4teell\u00e4 Oulusta sijaitsee useita mahtavia kohteita, joissa on matkailijalle paljon koettavaa, n\u00e4ht\u00e4v\u00e4\u00e4 ja teht\u00e4v\u00e4\u00e4. Tarjolla on Suomen etel\u00e4isint\u00e4 tunturia, UNESCOn Global Geoparkia, Suomen Rivieraa ja maailmanluokan lintukosteikkoja, vain muutamia mainitaksemme. Sy\u00f6te, Hailuoto, Kalajoki ja muut suositut kotimaan matkakohteet \u2013 kaikki vain lyhyen ajomatkan p\u00e4\u00e4ss\u00e4 Oulusta! [...]Read More... from Pohjolan rengastiell\u00e4 odottaa unohtumaton road trip","og_url":"https:\/\/visitoulufi-2025-10-14_10_27_17.test.cchosting.fi\/en\/northboundan_ring-road\/","og_site_name":"Visit Oulu","article_modified_time":"2023-08-01T12:56:27+00:00","og_image":[{"width":2048,"height":1365,"url":"https:\/\/visitoulufi-2025-10-14_10_27_17.test.cchosting.fi\/wp-content\/uploads\/2022\/05\/VisitOulu_4E5A5280.jpeg","type":"image\/jpeg"}],"twitter_card":"summary_large_image","twitter_misc":{"Est. reading time":"1 minute","Written by":"Erika Neitola"},"schema":{"@context":"https:\/\/schema.org","@graph":[{"@type":"WebPage","@id":"https:\/\/visitoulufi-2025-10-14_10_27_17.test.cchosting.fi\/pohjolan_rengastie\/","url":"https:\/\/visitoulufi-2025-10-14_10_27_17.test.cchosting.fi\/pohjolan_rengastie\/","name":"An unforgettable road trip awaits on the Nordic ring road - Visit Oulu","isPartOf":{"@id":"https:\/\/visitoulufi-2025-10-14_10_27_17.test.cchosting.fi\/#website"},"primaryImageOfPage":{"@id":"https:\/\/visitoulufi-2025-10-14_10_27_17.test.cchosting.fi\/pohjolan_rengastie\/#primaryimage"},"image":{"@id":"https:\/\/visitoulufi-2025-10-14_10_27_17.test.cchosting.fi\/pohjolan_rengastie\/#primaryimage"},"thumbnailUrl":"https:\/\/visitoulufi-2025-10-14_10_27_17.test.cchosting.fi\/wp-content\/uploads\/2022\/05\/VisitOulu_4E5A5280.jpeg","datePublished":"2022-05-27T08:22:45+00:00","dateModified":"2023-08-01T12:56:27+00:00","breadcrumb":{"@id":"https:\/\/visitoulufi-2025-10-14_10_27_17.test.cchosting.fi\/pohjolan_rengastie\/#breadcrumb"},"inLanguage":"en-US","potentialAction":[{"@type":"ReadAction","target":["https:\/\/visitoulufi-2025-10-14_10_27_17.test.cchosting.fi\/pohjolan_rengastie\/"]}]},{"@type":"ImageObject","inLanguage":"en-US","@id":"https:\/\/visitoulufi-2025-10-14_10_27_17.test.cchosting.fi\/pohjolan_rengastie\/#primaryimage","url":"https:\/\/visitoulufi-2025-10-14_10_27_17.test.cchosting.fi\/wp-content\/uploads\/2022\/05\/VisitOulu_4E5A5280.jpeg","contentUrl":"https:\/\/visitoulufi-2025-10-14_10_27_17.test.cchosting.fi\/wp-content\/uploads\/2022\/05\/VisitOulu_4E5A5280.jpeg","width":2048,"height":1365},{"@type":"BreadcrumbList","@id":"https:\/\/visitoulufi-2025-10-14_10_27_17.test.cchosting.fi\/pohjolan_rengastie\/#breadcrumb","itemListElement":[{"@type":"ListItem","position":1,"name":"Etusivu","item":"https:\/\/visitoulufi-2025-10-14_10_27_17.test.cchosting.fi\/"},{"@type":"ListItem","position":2,"name":"Pohjolan rengastiell\u00e4 odottaa unohtumaton road trip"}]},{"@type":"WebSite","@id":"https:\/\/visitoulufi-2025-10-14_10_27_17.test.cchosting.fi\/#website","url":"https:\/\/visitoulufi-2025-10-14_10_27_17.test.cchosting.fi\/","name":"Visit Oulu","description":"","potentialAction":[{"@type":"SearchAction","target":{"@type":"EntryPoint","urlTemplate":"https:\/\/visitoulufi-2025-10-14_10_27_17.test.cchosting.fi\/?s={search_term_string}"},"query-input":{"@type":"PropertyValueSpecification","valueRequired":true,"valueName":"search_term_string"}}],"inLanguage":"en-US"}]}},"_links":{"self":[{"href":"http:\/\/visitoulufi-2025-10-14_10_27_17.test.cchosting.fi\/en\/wp-json\/wp\/v2\/pages\/370","targetHints":{"allow":["GET"]}}],"collection":[{"href":"http:\/\/visitoulufi-2025-10-14_10_27_17.test.cchosting.fi\/en\/wp-json\/wp\/v2\/pages"}],"about":[{"href":"http:\/\/visitoulufi-2025-10-14_10_27_17.test.cchosting.fi\/en\/wp-json\/wp\/v2\/types\/page"}],"author":[{"embeddable":true,"href":"http:\/\/visitoulufi-2025-10-14_10_27_17.test.cchosting.fi\/en\/wp-json\/wp\/v2\/users\/2"}],"replies":[{"embeddable":true,"href":"http:\/\/visitoulufi-2025-10-14_10_27_17.test.cchosting.fi\/en\/wp-json\/wp\/v2\/comments?post=370"}],"version-history":[{"count":6,"href":"http:\/\/visitoulufi-2025-10-14_10_27_17.test.cchosting.fi\/en\/wp-json\/wp\/v2\/pages\/370\/revisions"}],"predecessor-version":[{"id":5295,"href":"http:\/\/visitoulufi-2025-10-14_10_27_17.test.cchosting.fi\/en\/wp-json\/wp\/v2\/pages\/370\/revisions\/5295"}],"wp:featuredmedia":[{"embeddable":true,"href":"http:\/\/visitoulufi-2025-10-14_10_27_17.test.cchosting.fi\/en\/wp-json\/wp\/v2\/media\/575"}],"wp:attachment":[{"href":"http:\/\/visitoulufi-2025-10-14_10_27_17.test.cchosting.fi\/en\/wp-json\/wp\/v2\/media?parent=370"}],"wp:term":[{"taxonomy":"author","embeddable":true,"href":"http:\/\/visitoulufi-2025-10-14_10_27_17.test.cchosting.fi\/en\/wp-json\/wp\/v2\/coauthors?post=370"}],"curies":[{"name":"wp","href":"https:\/\/api.w.org\/{rel}","templated":true}]}}